{"id":1959,"date":"2025-05-30T21:20:10","date_gmt":"2025-05-30T21:20:10","guid":{"rendered":"https:\/\/integratedcommunitycollaborative.org\/?page_id=1959"},"modified":"2025-07-16T19:57:39","modified_gmt":"2025-07-16T19:57:39","slug":"volunteer","status":"publish","type":"page","link":"https:\/\/integratedcommunitycollaborative.org\/es\/volunteer\/","title":{"rendered":"Volunteer"},"content":{"rendered":"<div data-elementor-type=\"wp-page\" data-elementor-id=\"1959\" class=\"elementor elementor-1959\" data-elementor-post-type=\"page\">\n\t\t\t\t<div class=\"elementor-element elementor-element-e0a4bfa e-flex e-con-boxed wpr-particle-no wpr-jarallax-no wpr-parallax-no wpr-sticky-section-no e-con e-parent\" data-id=\"e0a4bfa\" data-element_type=\"container\" data-settings=\"{&quot;background_background&quot;:&quot;classic&quot;,&quot;shape_divider_bottom&quot;:&quot;waves&quot;}\">\n\t\t\t\t\t<div class=\"e-con-inner\">\n\t\t\t\t<div class=\"elementor-shape elementor-shape-bottom\" aria-hidden=\"true\" data-negative=\"false\">\n\t\t\t<svg xmlns=\"http:\/\/www.w3.org\/2000\/svg\" viewbox=\"0 0 1000 100\" preserveaspectratio=\"none\">\n\t<path class=\"elementor-shape-fill\" d=\"M421.9,6.5c22.6-2.5,51.5,0.4,75.5,5.3c23.6,4.9,70.9,23.5,100.5,35.7c75.8,32.2,133.7,44.5,192.6,49.7\tc23.6,2.1,48.7,3.5,103.4-2.5c54.7-6,106.2-25.6,106.2-25.6V0H0v30.3c0,0,72,32.6,158.4,30.5c39.2-0.7,92.8-6.7,134-22.4\tc21.2-8.1,52.2-18.2,79.7-24.2C399.3,7.9,411.6,7.5,421.9,6.5z\"\/>\n<\/svg>\t\t<\/div>\n\t\t<div class=\"elementor-element elementor-element-be630d8 e-con-full e-flex wpr-particle-no wpr-jarallax-no wpr-parallax-no wpr-sticky-section-no e-con e-child\" data-id=\"be630d8\" data-element_type=\"container\">\n\t\t\t\t<div class=\"elementor-element elementor-element-5ba97ce elementor-widget elementor-widget-heading\" data-id=\"5ba97ce\" data-element_type=\"widget\" data-widget_type=\"heading.default\">\n\t\t\t\t<div class=\"elementor-widget-container\">\n\t\t\t\t\t<h2 class=\"elementor-heading-title elementor-size-default\">Programa de Voluntarios del ICC <\/h2>\t\t\t\t<\/div>\n\t\t\t\t<\/div>\n\t\t\t\t<\/div>\n\t\t\t\t\t<\/div>\n\t\t\t\t<\/div>\n\t\t<div class=\"elementor-element elementor-element-b6e4cc6 e-flex e-con-boxed wpr-particle-no wpr-jarallax-no wpr-parallax-no wpr-sticky-section-no e-con e-parent\" data-id=\"b6e4cc6\" data-element_type=\"container\">\n\t\t\t\t\t<div class=\"e-con-inner\">\n\t\t\t\t<div class=\"elementor-element elementor-element-d25f6f8 elementor-widget elementor-widget-text-editor\" data-id=\"d25f6f8\" data-element_type=\"widget\" data-widget_type=\"text-editor.default\">\n\t\t\t\t<div class=\"elementor-widget-container\">\n\t\t\t\t\t\t\t\t\t<p>El coraz\u00f3n del\u00a0<b>Colaborativo Comunitario Integrado (ICC)<\/b>\u00a0siempre ha estado impulsado por personas: familias, autogestores y miembros de la comunidad que creen en la equidad, la dignidad y las oportunidades para todas las personas con discapacidades intelectuales y del desarrollo (IDD). Nuestro\u00a0<b>Programa de Voluntariado<\/b>\u00a0es una extensi\u00f3n de ese coraz\u00f3n.<\/p><p class=\"translation-block\">Los voluntarios son esenciales para el impacto estatal de ICC. Ya sea colaborando con eventos, apoyando capacitaciones, compartiendo recursos, asistiendo con traducciones o brindando mentor\u00eda entre pares, nuestros voluntarios aportan compasi\u00f3n, energ\u00eda y comprensi\u00f3n cultural a cada aspecto de nuestro trabajo. Son colaboradores vitales para que ICC cumpla su <b> misi\u00f3n de empoderar, su visi\u00f3n de incluir y su compromiso de abogar <\/b> por un cambio sist\u00e9mico significativo.<\/p><p>Honramos y agradecemos a nuestros voluntarios actuales por su incre\u00edble dedicaci\u00f3n y esp\u00edritu. Su tiempo, voz y presencia est\u00e1n moldeando vidas y creando una California m\u00e1s justa e inclusiva.<\/p><p>Invitamos cordialmente a nuevos voluntarios a unirse a este movimiento en crecimiento. Como voluntario del ICC, usted:<\/p><ul><li>Sea parte de una red culturalmente arraigada e impulsada por la comunidad<\/li><li>Recibir capacitaci\u00f3n y orientaci\u00f3n para apoyar eficazmente a las familias<\/li><li>Ayudar a superar las brechas en los sistemas de atenci\u00f3n mediante la promoci\u00f3n y la divulgaci\u00f3n<\/li><li>Experimente la alegr\u00eda y la satisfacci\u00f3n de contribuir de una manera tangible y duradera<\/li><\/ul><p>Esto es m\u00e1s que una oportunidad de voluntariado: es un\u00a0<b>llamado a la acci\u00f3n<\/b>. Juntos, podemos construir una comunidad m\u00e1s fuerte donde nadie se quede atr\u00e1s. \u00a1\u00danete a nosotros!<\/p><p>Si est\u00e1 listo para apoyar, animar y acompa\u00f1ar a otros en su camino, le damos la bienvenida a formar parte de la familia de voluntarios de ICC.<\/p>\t\t\t\t\t\t\t\t<\/div>\n\t\t\t\t<\/div>\n\t\t\t\t\t<\/div>\n\t\t\t\t<\/div>\n\t\t\t\t<section class=\"elementor-section elementor-top-section elementor-element elementor-element-3e53792c elementor-section-boxed elementor-section-height-default elementor-section-height-default wpr-particle-no wpr-jarallax-no wpr-parallax-no wpr-sticky-section-no\" data-id=\"3e53792c\" data-element_type=\"section\">\n\t\t\t\t\t\t<div class=\"elementor-container elementor-column-gap-wide\">\n\t\t\t\t\t<div class=\"elementor-column elementor-col-100 elementor-top-column elementor-element elementor-element-189ce29a\" data-id=\"189ce29a\" data-element_type=\"column\" data-settings=\"{&quot;background_background&quot;:&quot;classic&quot;}\">\n\t\t\t<div class=\"elementor-widget-wrap elementor-element-populated\">\n\t\t\t\t\t\t<div class=\"elementor-element elementor-element-63d4dcb2 elementor-widget elementor-widget-heading\" data-id=\"63d4dcb2\" data-element_type=\"widget\" data-widget_type=\"heading.default\">\n\t\t\t\t<div class=\"elementor-widget-container\">\n\t\t\t\t\t<h2 class=\"elementor-heading-title elementor-size-default\">Become a Volunteer!<\/h2>\t\t\t\t<\/div>\n\t\t\t\t<\/div>\n\t\t\t\t<section class=\"elementor-section elementor-inner-section elementor-element elementor-element-7009ba83 elementor-section-boxed elementor-section-height-default elementor-section-height-default wpr-particle-no wpr-jarallax-no wpr-parallax-no wpr-sticky-section-no\" data-id=\"7009ba83\" data-element_type=\"section\">\n\t\t\t\t\t\t<div class=\"elementor-container elementor-column-gap-default\">\n\t\t\t\t\t<div class=\"elementor-column elementor-col-100 elementor-inner-column elementor-element elementor-element-477f014c\" data-id=\"477f014c\" data-element_type=\"column\">\n\t\t\t<div class=\"elementor-widget-wrap elementor-element-populated\">\n\t\t\t\t\t\t<div class=\"elementor-element elementor-element-3407a0f elementor-button-align-stretch elementor-widget elementor-widget-form\" data-id=\"3407a0f\" data-element_type=\"widget\" data-settings=\"{&quot;step_next_label&quot;:&quot;Siguiente&quot;,&quot;step_previous_label&quot;:&quot;Anterior&quot;,&quot;button_width&quot;:&quot;100&quot;,&quot;step_type&quot;:&quot;number_text&quot;,&quot;step_icon_shape&quot;:&quot;circle&quot;}\" data-widget_type=\"form.default\">\n\t\t\t\t<div class=\"elementor-widget-container\">\n\t\t\t\t\t\t\t<form class=\"elementor-form\" method=\"post\" name=\"Nuevo formulario\" aria-label=\"Nuevo formulario\" action=\"\">\n\t\t\t<input type=\"hidden\" name=\"post_id\" value=\"1959\"\/>\n\t\t\t<input type=\"hidden\" name=\"form_id\" value=\"3407a0f\"\/>\n\t\t\t<input type=\"hidden\" name=\"referer_title\" value=\"\" \/>\n\n\t\t\t\n\t\t\t<div class=\"elementor-form-fields-wrapper elementor-labels-above\">\n\t\t\t\t\t\t\t\t<div class=\"elementor-field-type-text elementor-field-group elementor-column elementor-field-group-name elementor-col-50\">\n\t\t\t\t\t\t\t\t\t\t\t\t\t<input size=\"1\" type=\"text\" name=\"form_fields[name]\" id=\"form-field-name\" class=\"elementor-field elementor-size-sm  elementor-field-textual\" placeholder=\"Apellido\">\n\t\t\t\t\t\t\t\t\t\t\t<\/div>\n\t\t\t\t\t\t\t\t<div class=\"elementor-field-type-text elementor-field-group elementor-column elementor-field-group-field_d7639e1 elementor-col-50\">\n\t\t\t\t\t\t\t\t\t\t\t\t\t<input size=\"1\" type=\"text\" name=\"form_fields[field_d7639e1]\" id=\"form-field-field_d7639e1\" class=\"elementor-field elementor-size-sm  elementor-field-textual\" placeholder=\"Nombre\">\n\t\t\t\t\t\t\t\t\t\t\t<\/div>\n\t\t\t\t\t\t\t\t<div class=\"elementor-field-type-email elementor-field-group elementor-column elementor-field-group-email elementor-col-50 elementor-field-required\">\n\t\t\t\t\t\t\t\t\t\t\t\t\t<input size=\"1\" type=\"email\" name=\"form_fields[email]\" id=\"form-field-email\" class=\"elementor-field elementor-size-sm  elementor-field-textual\" placeholder=\"Correo\" required=\"required\">\n\t\t\t\t\t\t\t\t\t\t\t<\/div>\n\t\t\t\t\t\t\t\t<div class=\"elementor-field-type-tel elementor-field-group elementor-column elementor-field-group-field_0714d16 elementor-col-50\">\n\t\t\t\t\t\t\t<input size=\"1\" type=\"tel\" name=\"form_fields[field_0714d16]\" id=\"form-field-field_0714d16\" class=\"elementor-field elementor-size-sm  elementor-field-textual\" placeholder=\"Tel\u00e9fono\" pattern=\"[0-9()#&amp;+*-=.]+\" title=\"Solo se aceptan n\u00fameros y caracteres de tel\u00e9fono (#,-,*,etc).\">\n\n\t\t\t\t\t\t<\/div>\n\t\t\t\t\t\t\t\t<div class=\"elementor-field-type-text elementor-field-group elementor-column elementor-field-group-field_3b86eef elementor-col-100\">\n\t\t\t\t\t\t\t\t\t\t\t\t\t<input size=\"1\" type=\"text\" name=\"form_fields[field_3b86eef]\" id=\"form-field-field_3b86eef\" class=\"elementor-field elementor-size-sm  elementor-field-textual\" placeholder=\"C\u00d3DIGO POSTAL\">\n\t\t\t\t\t\t\t\t\t\t\t<\/div>\n\t\t\t\t\t\t\t\t<div class=\"elementor-field-type-textarea elementor-field-group elementor-column elementor-field-group-message elementor-col-100\">\n\t\t\t\t\t<textarea class=\"elementor-field-textual elementor-field  elementor-size-sm\" name=\"form_fields[message]\" id=\"form-field-message\" rows=\"4\" placeholder=\"Escribe tu mensaje aqu\u00ed!\"><\/textarea>\t\t\t\t<\/div>\n\t\t\t\t\t\t\t\t<div class=\"elementor-field-group elementor-column elementor-field-type-submit elementor-col-100 e-form__buttons\">\n\t\t\t\t\t<button class=\"elementor-button elementor-size-sm\" type=\"submit\">\n\t\t\t\t\t\t<span class=\"elementor-button-content-wrapper\">\n\t\t\t\t\t\t\t\t\t\t\t\t\t\t\t\t\t\t\t\t\t\t<span class=\"elementor-button-text\">Enviar<\/span>\n\t\t\t\t\t\t\t\t\t\t\t\t\t<\/span>\n\t\t\t\t\t<\/button>\n\t\t\t\t<\/div>\n\t\t\t<\/div>\n\t\t<input type=\"hidden\" name=\"trp-form-language\" value=\"es\"\/><\/form>\n\t\t\t\t\t\t<\/div>\n\t\t\t\t<\/div>\n\t\t\t\t\t<\/div>\n\t\t<\/div>\n\t\t\t\t\t<\/div>\n\t\t<\/section>\n\t\t\t\t\t<\/div>\n\t\t<\/div>\n\t\t\t\t\t<\/div>\n\t\t<\/section>\n\t\t\t\t<\/div>","protected":false},"excerpt":{"rendered":"<p>ICC Volunteer Program The heart of the\u00a0Integrated Community Collaborative (ICC)\u00a0has always been powered by people\u2014families, self-advocates, and community members who believe in equity, dignity, and opportunity for all individuals with intellectual and developmental disabilities (IDD). Our\u00a0Volunteer Program\u00a0is an extension of that heart. Volunteers are essential to ICC\u2019s statewide impact. Whether helping with events, supporting trainings, sharing resources, assisting with translations, or providing peer mentorship, our volunteers bring compassion, energy, and cultural understanding to every corner of our work. They are vital partners in helping ICC meet its\u00a0mission to empower, its vision to include, and its commitment to advocate\u00a0for meaningful systems change. We honor and thank our current volunteers for their incredible dedication and spirit. Your time, voice, and presence are shaping lives and creating a more just and inclusive California. We warmly invite new volunteers to join this growing movement. As an ICC volunteer, you will: Be part of a culturally rooted and community-driven network; Receive training and guidance to support families effectively; Help bridge gaps in systems of care through advocacy and outreach; Experience the joy and fulfillment of giving back in a tangible, lasting way. This is more than a volunteer opportunity\u2014it\u2019s a\u00a0call to action. Together, we can build a stronger community where no one is left behind. \u00a1\u00danete a nosotros! If you\u2019re ready to support, uplift, and walk with others on their journey, we welcome you to be part of the ICC volunteer family. Become a Volunteer!<\/p>","protected":false},"author":1,"featured_media":0,"parent":0,"menu_order":0,"comment_status":"closed","ping_status":"closed","template":"elementor_canvas","meta":{"_joinchat":[],"footnotes":""},"class_list":["post-1959","page","type-page","status-publish","hentry"],"_links":{"self":[{"href":"https:\/\/integratedcommunitycollaborative.org\/es\/wp-json\/wp\/v2\/pages\/1959","targetHints":{"allow":["GET"]}}],"collection":[{"href":"https:\/\/integratedcommunitycollaborative.org\/es\/wp-json\/wp\/v2\/pages"}],"about":[{"href":"https:\/\/integratedcommunitycollaborative.org\/es\/wp-json\/wp\/v2\/types\/page"}],"author":[{"embeddable":true,"href":"https:\/\/integratedcommunitycollaborative.org\/es\/wp-json\/wp\/v2\/users\/1"}],"replies":[{"embeddable":true,"href":"https:\/\/integratedcommunitycollaborative.org\/es\/wp-json\/wp\/v2\/comments?post=1959"}],"version-history":[{"count":22,"href":"https:\/\/integratedcommunitycollaborative.org\/es\/wp-json\/wp\/v2\/pages\/1959\/revisions"}],"predecessor-version":[{"id":2452,"href":"https:\/\/integratedcommunitycollaborative.org\/es\/wp-json\/wp\/v2\/pages\/1959\/revisions\/2452"}],"wp:attachment":[{"href":"https:\/\/integratedcommunitycollaborative.org\/es\/wp-json\/wp\/v2\/media?parent=1959"}],"curies":[{"name":"wp","href":"https:\/\/api.w.org\/{rel}","templated":true}]}}